{"id":20,"date":"2019-06-24T11:00:11","date_gmt":"2019-06-24T14:00:11","guid":{"rendered":"http:\/\/pinaculo.com.br\/blog\/?page_id=20"},"modified":"2019-06-25T10:42:09","modified_gmt":"2019-06-25T13:42:09","slug":"contato","status":"publish","type":"page","link":"https:\/\/pinaculo.com.br\/blog\/contato\/","title":{"rendered":"Fale conosco"},"content":{"rendered":"\n<p> Somos receptivos, gostamos de ouvir o que voc\u00ea tem a dizer. Voc\u00ea pode utilizar o formul\u00e1rio de contato abaixo ou mandar um e-mail direto para a equipe de vendas. <\/p>\n\n\n<div role=\"form\" class=\"wpcf7\" id=\"wpcf7-f105-o1\" lang=\"pt-BR\" dir=\"ltr\">\n<div class=\"screen-reader-response\"><p role=\"status\" aria-live=\"polite\" aria-atomic=\"true\"><\/p> <ul><\/ul><\/div>\n<form action=\"\/blog\/wp-json\/wp\/v2\/pages\/20#wpcf7-f105-o1\" method=\"post\" class=\"wpcf7-form init\" novalidate=\"novalidate\" data-status=\"init\">\n<div style=\"display: none;\">\n<input type=\"hidden\" name=\"_wpcf7\" value=\"105\" \/>\n<input type=\"hidden\" name=\"_wpcf7_version\" value=\"5.5.2\" \/>\n<input type=\"hidden\" name=\"_wpcf7_locale\" value=\"pt_BR\" \/>\n<input type=\"hidden\" name=\"_wpcf7_unit_tag\" value=\"wpcf7-f105-o1\" \/>\n<input type=\"hidden\" name=\"_wpcf7_container_post\" value=\"0\" \/>\n<input type=\"hidden\" name=\"_wpcf7_posted_data_hash\" value=\"\" \/>\n<\/div>\n<p><label> Seu nome (obrigat\u00f3rio)<br \/>\n    <span class=\"wpcf7-form-control-wrap your-name\"><input type=\"text\" name=\"your-name\" value=\"\" size=\"40\" class=\"wpcf7-form-control wpcf7-text wpcf7-validates-as-required\" aria-required=\"true\" aria-invalid=\"false\" \/><\/span> <\/label><\/p>\n<p><label> Seu Telefone<br \/>\n    <span class=\"wpcf7-form-control-wrap telefone\"><input type=\"tel\" name=\"telefone\" value=\"\" size=\"40\" class=\"wpcf7-form-control wpcf7-text wpcf7-tel wpcf7-validates-as-tel\" aria-invalid=\"false\" \/><\/span> <\/label><\/p>\n<p><label> Seu e-mail (obrigat\u00f3rio)<br \/>\n    <span class=\"wpcf7-form-control-wrap your-email\"><input type=\"email\" name=\"your-email\" value=\"\" size=\"40\" class=\"wpcf7-form-control wpcf7-text wpcf7-email wpcf7-validates-as-required wpcf7-validates-as-email\" aria-required=\"true\" aria-invalid=\"false\" \/><\/span> <\/label><\/p>\n<p><label> Assunto<br \/>\n    <span class=\"wpcf7-form-control-wrap your-subject\"><input type=\"text\" name=\"your-subject\" value=\"\" size=\"40\" class=\"wpcf7-form-control wpcf7-text\" aria-invalid=\"false\" \/><\/span> <\/label><\/p>\n<p><label> Sua mensagem<br \/>\n    <span class=\"wpcf7-form-control-wrap your-message\"><textarea name=\"your-message\" cols=\"40\" rows=\"10\" class=\"wpcf7-form-control wpcf7-textarea\" aria-invalid=\"false\"><\/textarea><\/span> <\/label><\/p>\n<p><input type=\"submit\" value=\"Enviar\" class=\"wpcf7-form-control has-spinner wpcf7-submit\" \/><\/p>\n<div class=\"wpcf7-response-output\" aria-hidden=\"true\"><\/div><\/form><\/div>\n","protected":false},"excerpt":{"rendered":"<p>Somos receptivos, gostamos de ouvir o que voc\u00ea tem a dizer. Voc\u00ea pode utilizar o formul\u00e1rio de contato abaixo ou mandar um e-mail direto para a equipe de vendas.<\/p>\n","protected":false},"author":1,"featured_media":0,"parent":0,"menu_order":0,"comment_status":"closed","ping_status":"closed","template":"","meta":{"site-sidebar-layout":"","site-content-layout":"","ast-main-header-display":"","ast-hfb-above-header-display":"","ast-hfb-below-header-display":"","ast-hfb-mobile-header-display":"","site-post-title":"","ast-breadcrumbs-content":"","ast-featured-img":"","footer-sml-layout":"","theme-transparent-header-meta":"","adv-header-id-meta":"","stick-header-meta":"","header-above-stick-meta":"","header-main-stick-meta":"","header-below-stick-meta":""},"yoast_head":"<!-- This site is optimized with the Yoast SEO plugin v17.6 - https:\/\/yoast.com\/wordpress\/plugins\/seo\/ -->\n<title>Fale conosco - Blog Pinaculo<\/title>\n<meta name=\"robots\" content=\"index, follow, max-snippet:-1, max-image-preview:large, max-video-preview:-1\" \/>\n<link rel=\"canonical\" href=\"https:\/\/pinaculo.com.br\/blog\/contato\/\" \/>\n<meta property=\"og:locale\" content=\"pt_BR\" \/>\n<meta property=\"og:type\" content=\"article\" \/>\n<meta property=\"og:title\" content=\"Fale conosco - Blog Pinaculo\" \/>\n<meta property=\"og:description\" content=\"Somos receptivos, gostamos de ouvir o que voc\u00ea tem a dizer. Voc\u00ea pode utilizar o formul\u00e1rio de contato abaixo ou mandar um e-mail direto para a equipe de vendas.\" \/>\n<meta property=\"og:url\" content=\"https:\/\/pinaculo.com.br\/blog\/contato\/\" \/>\n<meta property=\"og:site_name\" content=\"Blog Pinaculo\" \/>\n<meta property=\"article:modified_time\" content=\"2019-06-25T13:42:09+00:00\" \/>\n<meta name=\"twitter:card\" content=\"summary_large_image\" \/>\n<script type=\"application\/ld+json\" class=\"yoast-schema-graph\">{\"@context\":\"https:\/\/schema.org\",\"@graph\":[{\"@type\":\"WebSite\",\"@id\":\"https:\/\/pinaculo.com.br\/blog\/#website\",\"url\":\"https:\/\/pinaculo.com.br\/blog\/\",\"name\":\"Blog Pinaculo\",\"description\":\"\",\"potentialAction\":[{\"@type\":\"SearchAction\",\"target\":{\"@type\":\"EntryPoint\",\"urlTemplate\":\"https:\/\/pinaculo.com.br\/blog\/?s={search_term_string}\"},\"query-input\":\"required name=search_term_string\"}],\"inLanguage\":\"pt-BR\"},{\"@type\":\"WebPage\",\"@id\":\"https:\/\/pinaculo.com.br\/blog\/contato\/#webpage\",\"url\":\"https:\/\/pinaculo.com.br\/blog\/contato\/\",\"name\":\"Fale conosco - Blog Pinaculo\",\"isPartOf\":{\"@id\":\"https:\/\/pinaculo.com.br\/blog\/#website\"},\"datePublished\":\"2019-06-24T14:00:11+00:00\",\"dateModified\":\"2019-06-25T13:42:09+00:00\",\"breadcrumb\":{\"@id\":\"https:\/\/pinaculo.com.br\/blog\/contato\/#breadcrumb\"},\"inLanguage\":\"pt-BR\",\"potentialAction\":[{\"@type\":\"ReadAction\",\"target\":[\"https:\/\/pinaculo.com.br\/blog\/contato\/\"]}]},{\"@type\":\"BreadcrumbList\",\"@id\":\"https:\/\/pinaculo.com.br\/blog\/contato\/#breadcrumb\",\"itemListElement\":[{\"@type\":\"ListItem\",\"position\":1,\"name\":\"In\\u00edcio\",\"item\":\"https:\/\/pinaculo.com.br\/blog\/\"},{\"@type\":\"ListItem\",\"position\":2,\"name\":\"Fale conosco\"}]}]}<\/script>\n<!-- \/ Yoast SEO plugin. -->","yoast_head_json":{"title":"Fale conosco - Blog Pinaculo","robots":{"index":"index","follow":"follow","max-snippet":"max-snippet:-1","max-image-preview":"max-image-preview:large","max-video-preview":"max-video-preview:-1"},"canonical":"https:\/\/pinaculo.com.br\/blog\/contato\/","og_locale":"pt_BR","og_type":"article","og_title":"Fale conosco - Blog Pinaculo","og_description":"Somos receptivos, gostamos de ouvir o que voc\u00ea tem a dizer. Voc\u00ea pode utilizar o formul\u00e1rio de contato abaixo ou mandar um e-mail direto para a equipe de vendas.","og_url":"https:\/\/pinaculo.com.br\/blog\/contato\/","og_site_name":"Blog Pinaculo","article_modified_time":"2019-06-25T13:42:09+00:00","twitter_card":"summary_large_image","schema":{"@context":"https:\/\/schema.org","@graph":[{"@type":"WebSite","@id":"https:\/\/pinaculo.com.br\/blog\/#website","url":"https:\/\/pinaculo.com.br\/blog\/","name":"Blog Pinaculo","description":"","potentialAction":[{"@type":"SearchAction","target":{"@type":"EntryPoint","urlTemplate":"https:\/\/pinaculo.com.br\/blog\/?s={search_term_string}"},"query-input":"required name=search_term_string"}],"inLanguage":"pt-BR"},{"@type":"WebPage","@id":"https:\/\/pinaculo.com.br\/blog\/contato\/#webpage","url":"https:\/\/pinaculo.com.br\/blog\/contato\/","name":"Fale conosco - Blog Pinaculo","isPartOf":{"@id":"https:\/\/pinaculo.com.br\/blog\/#website"},"datePublished":"2019-06-24T14:00:11+00:00","dateModified":"2019-06-25T13:42:09+00:00","breadcrumb":{"@id":"https:\/\/pinaculo.com.br\/blog\/contato\/#breadcrumb"},"inLanguage":"pt-BR","potentialAction":[{"@type":"ReadAction","target":["https:\/\/pinaculo.com.br\/blog\/contato\/"]}]},{"@type":"BreadcrumbList","@id":"https:\/\/pinaculo.com.br\/blog\/contato\/#breadcrumb","itemListElement":[{"@type":"ListItem","position":1,"name":"In\u00edcio","item":"https:\/\/pinaculo.com.br\/blog\/"},{"@type":"ListItem","position":2,"name":"Fale conosco"}]}]}},"_links":{"self":[{"href":"https:\/\/pinaculo.com.br\/blog\/wp-json\/wp\/v2\/pages\/20"}],"collection":[{"href":"https:\/\/pinaculo.com.br\/blog\/wp-json\/wp\/v2\/pages"}],"about":[{"href":"https:\/\/pinaculo.com.br\/blog\/wp-json\/wp\/v2\/types\/page"}],"author":[{"embeddable":true,"href":"https:\/\/pinaculo.com.br\/blog\/wp-json\/wp\/v2\/users\/1"}],"replies":[{"embeddable":true,"href":"https:\/\/pinaculo.com.br\/blog\/wp-json\/wp\/v2\/comments?post=20"}],"version-history":[{"count":4,"href":"https:\/\/pinaculo.com.br\/blog\/wp-json\/wp\/v2\/pages\/20\/revisions"}],"predecessor-version":[{"id":106,"href":"https:\/\/pinaculo.com.br\/blog\/wp-json\/wp\/v2\/pages\/20\/revisions\/106"}],"wp:attachment":[{"href":"https:\/\/pinaculo.com.br\/blog\/wp-json\/wp\/v2\/media?parent=20"}],"curies":[{"name":"wp","href":"https:\/\/api.w.org\/{rel}","templated":true}]}}